{"id":10306,"date":"2023-06-02T14:25:35","date_gmt":"2023-06-02T17:25:35","guid":{"rendered":"https:\/\/iamtechday.org\/eventos\/"},"modified":"2026-05-06T12:39:49","modified_gmt":"2026-05-06T15:39:49","slug":"eventos","status":"publish","type":"page","link":"https:\/\/iamtechday.org\/es\/eventos\/","title":{"rendered":"Eventos"},"content":{"rendered":"<div class=\"gb-container gb-container-81eb6caa\" id=\"eventos\">\n<div class=\"gb-container gb-container-5ad546e4\">\n\n<h2 class=\"gb-headline gb-headline-ccfca8ce\"><span class=\"gb-icon\"><svg xmlns=\"http:\/\/www.w3.org\/2000\/svg\" viewbox=\"0 0 68.98 38.88\"><path d=\"M15.51 38.88H0L22.45 0h15.51zM46.53 38.88H31.02L53.47 0h15.51z\"><\/path><\/svg><\/span><span class=\"gb-headline-text\">Pr\u00f3ximos EVENTOS<\/span><\/h2>\n\n<\/div>\n\n\n<div class=\"gb-grid-wrapper gb-grid-wrapper-89847059 gb-query-loop-wrapper\">\n<div class=\"gb-grid-column gb-grid-column-25b7056e gb-query-loop-item post-11993 eventos type-eventos status-publish has-post-thumbnail hentry tempo-atual tipo-evento-presencial visibilidade-destaque\"><div class=\"gb-container gb-container-25b7056e\">\n<div class=\"gb-container gb-container-e19568a0\">\n<div class=\"gb-container gb-container-0c2e6c5d\">\n<figure class=\"gb-block-image gb-block-image-526241e5\"><a href=\"https:\/\/iamtechday.org\/es\/eventos\/iam-tech-day-oporto-portugal-26\/\"><img loading=\"lazy\" decoding=\"async\" width=\"1600\" height=\"900\" src=\"https:\/\/iamtechday.org\/wp-content\/uploads\/2026\/05\/portugal.webp\" class=\"gb-image-526241e5\" alt=\"Portugal\" srcset=\"https:\/\/iamtechday.org\/wp-content\/uploads\/2026\/05\/portugal.webp 1600w, https:\/\/iamtechday.org\/wp-content\/uploads\/2026\/05\/portugal-300x169.webp 300w, https:\/\/iamtechday.org\/wp-content\/uploads\/2026\/05\/portugal-768x432.webp 768w, https:\/\/iamtechday.org\/wp-content\/uploads\/2026\/05\/portugal-1536x864.webp 1536w\" sizes=\"auto, (max-width: 1600px) 100vw, 1600px\" \/><\/a><\/figure>\n<\/div>\n\n<div class=\"gb-container gb-container-0b701acf\">\n<h3 class=\"gb-headline gb-headline-c925ac6a gb-headline-text\"><a href=\"https:\/\/iamtechday.org\/es\/eventos\/iam-tech-day-oporto-portugal-26\/\">IAM TECH DAY Oporto, Portugal &#8217;26<\/a><\/h3>\n\n<p class=\"gb-headline gb-headline-af80a7f0 gb-headline-text\">El IAM Tech Day Portugal, reuniendo a profesionales de la identidad digital, la ciberseguridad, la gobernanza y la gesti\u00f3n de accesos.<\/p>\n\n<div class=\"gb-container gb-container-c14070f0\">\n<div class=\"gb-container gb-container-8734d744\">\n<p class=\"gb-headline gb-headline-559d4ec3\"><span class=\"gb-icon\"><svg xmlns=\"http:\/\/www.w3.org\/2000\/svg\" aria-hidden=\"true\" role=\"img\" height=\"1em\" width=\"1em\" viewbox=\"0 0 384 512\"><path fill=\"currentColor\" d=\"M172.268 501.67C26.97 291.031 0 269.413 0 192 0 85.961 85.961 0 192 0s192 85.961 192 192c0 77.413-26.97 99.031-172.268 309.67-9.535 13.774-29.93 13.773-39.464 0zM192 272c44.183 0 80-35.817 80-80s-35.817-80-80-80-80 35.817-80 80 35.817 80 80 80z\"><\/path><\/svg><\/span><span class=\"gb-headline-text\"><span class=\"post-term-item term-evento-presencial\">Evento presencial<\/span><\/span><\/p>\n\n<p class=\"gb-headline gb-headline-73b021b1\"><span class=\"gb-icon\"><svg xmlns=\"http:\/\/www.w3.org\/2000\/svg\" aria-hidden=\"true\" role=\"img\" height=\"1em\" width=\"1em\" viewbox=\"0 0 512 512\"><path fill=\"currentColor\" d=\"M478.21 334.093L336 256l142.21-78.093c11.795-6.477 15.961-21.384 9.232-33.037l-19.48-33.741c-6.728-11.653-21.72-15.499-33.227-8.523L296 186.718l3.475-162.204C299.763 11.061 288.937 0 275.48 0h-38.96c-13.456 0-24.283 11.061-23.994 24.514L216 186.718 77.265 102.607c-11.506-6.976-26.499-3.13-33.227 8.523l-19.48 33.741c-6.728 11.653-2.562 26.56 9.233 33.037L176 256 33.79 334.093c-11.795 6.477-15.961 21.384-9.232 33.037l19.48 33.741c6.728 11.653 21.721 15.499 33.227 8.523L216 325.282l-3.475 162.204C212.237 500.939 223.064 512 236.52 512h38.961c13.456 0 24.283-11.061 23.995-24.514L296 325.282l138.735 84.111c11.506 6.976 26.499 3.13 33.227-8.523l19.48-33.741c6.728-11.653 2.563-26.559-9.232-33.036z\"><\/path><\/svg><\/span><span class=\"gb-headline-text\">Portugu\u00e9s e ingl\u00e9s<\/span><\/p>\n\n<p class=\"gb-headline gb-headline-42785ad5\"><span class=\"gb-icon\"><svg xmlns=\"http:\/\/www.w3.org\/2000\/svg\" aria-hidden=\"true\" role=\"img\" height=\"1em\" width=\"1em\" viewbox=\"0 0 448 512\"><path fill=\"currentColor\" d=\"M148 288h-40c-6.6 0-12-5.4-12-12v-40c0-6.6 5.4-12 12-12h40c6.6 0 12 5.4 12 12v40c0 6.6-5.4 12-12 12zm108-12v-40c0-6.6-5.4-12-12-12h-40c-6.6 0-12 5.4-12 12v40c0 6.6 5.4 12 12 12h40c6.6 0 12-5.4 12-12zm96 0v-40c0-6.6-5.4-12-12-12h-40c-6.6 0-12 5.4-12 12v40c0 6.6 5.4 12 12 12h40c6.6 0 12-5.4 12-12zm-96 96v-40c0-6.6-5.4-12-12-12h-40c-6.6 0-12 5.4-12 12v40c0 6.6 5.4 12 12 12h40c6.6 0 12-5.4 12-12zm-96 0v-40c0-6.6-5.4-12-12-12h-40c-6.6 0-12 5.4-12 12v40c0 6.6 5.4 12 12 12h40c6.6 0 12-5.4 12-12zm192 0v-40c0-6.6-5.4-12-12-12h-40c-6.6 0-12 5.4-12 12v40c0 6.6 5.4 12 12 12h40c6.6 0 12-5.4 12-12zm96-260v352c0 26.5-21.5 48-48 48H48c-26.5 0-48-21.5-48-48V112c0-26.5 21.5-48 48-48h48V12c0-6.6 5.4-12 12-12h40c6.6 0 12 5.4 12 12v52h128V12c0-6.6 5.4-12 12-12h40c6.6 0 12 5.4 12 12v52h48c26.5 0 48 21.5 48 48zm-48 346V160H48v298c0 3.3 2.7 6 6 6h340c3.3 0 6-2.7 6-6z\"><\/path><\/svg><\/span><span class=\"gb-headline-text\">Septiembre, 2026<\/span><\/p>\n<\/div>\n\n<div class=\"gb-container gb-container-df91fece\">\n<p class=\"gb-headline gb-headline-f98f5dfd\"><span class=\"gb-icon\"><svg xmlns=\"http:\/\/www.w3.org\/2000\/svg\" height=\"16\" width=\"16\" viewbox=\"0 0 512 512\"><path d=\"M211 7.3C205 1 196-1.4 187.6 .8s-14.9 8.9-17.1 17.3L154.7 80.6l-62-17.5c-8.4-2.4-17.4 0-23.5 6.1s-8.5 15.1-6.1 23.5l17.5 62L18.1 170.6c-8.4 2.1-15 8.7-17.3 17.1S1 205 7.3 211l46.2 45L7.3 301C1 307-1.4 316 .8 324.4s8.9 14.9 17.3 17.1l62.5 15.8-17.5 62c-2.4 8.4 0 17.4 6.1 23.5s15.1 8.5 23.5 6.1l62-17.5 15.8 62.5c2.1 8.4 8.7 15 17.1 17.3s17.3-.2 23.4-6.4l45-46.2 45 46.2c6.1 6.2 15 8.7 23.4 6.4s14.9-8.9 17.1-17.3l15.8-62.5 62 17.5c8.4 2.4 17.4 0 23.5-6.1s8.5-15.1 6.1-23.5l-17.5-62 62.5-15.8c8.4-2.1 15-8.7 17.3-17.1s-.2-17.4-6.4-23.4l-46.2-45 46.2-45c6.2-6.1 8.7-15 6.4-23.4s-8.9-14.9-17.3-17.1l-62.5-15.8 17.5-62c2.4-8.4 0-17.4-6.1-23.5s-15.1-8.5-23.5-6.1l-62 17.5L341.4 18.1c-2.1-8.4-8.7-15-17.1-17.3S307 1 301 7.3L256 53.5 211 7.3z\"><\/path><\/svg><\/span><span class=\"gb-headline-text\">Certificado de Participaci\u00f3n<\/span><\/p>\n\n<p class=\"gb-headline gb-headline-cc8e485e\"><span class=\"gb-icon\"><svg xmlns=\"http:\/\/www.w3.org\/2000\/svg\" height=\"16\" width=\"16\" viewbox=\"0 0 512 512\"><path d=\"M256 512A256 256 0 1 0 256 0a256 256 0 1 0 0 512zM216 336h24V272H216c-13.3 0-24-10.7-24-24s10.7-24 24-24h48c13.3 0 24 10.7 24 24v88h8c13.3 0 24 10.7 24 24s-10.7 24-24 24H216c-13.3 0-24-10.7-24-24s10.7-24 24-24zm40-208a32 32 0 1 1 0 64 32 32 0 1 1 0-64z\"><\/path><\/svg><\/span><span class=\"gb-headline-text\"><a href=\"https:\/\/iamtechday.org\/es\/eventos\/iam-tech-day-oporto-portugal-26\/\">+ Info<\/a><\/span><\/p>\n\n<p class=\"gb-headline gb-headline-76701282\"><span class=\"gb-icon\"><svg xmlns=\"http:\/\/www.w3.org\/2000\/svg\" viewbox=\"0 0 576 512\" width=\"18\" height=\"16\"><path d=\"M64 64C28.7 64 0 92.7 0 128v64c0 8.8 7.4 15.7 15.7 18.6C34.5 217.1 48 235 48 256s-13.5 38.9-32.3 45.4C7.4 304.3 0 311.2 0 320v64c0 35.3 28.7 64 64 64H512c35.3 0 64-28.7 64-64V320c0-8.8-7.4-15.7-15.7-18.6C541.5 294.9 528 277 528 256s13.5-38.9 32.3-45.4c8.3-2.9 15.7-9.8 15.7-18.6V128c0-35.3-28.7-64-64-64H64zm64 112l0 160c0 8.8 7.2 16 16 16H432c8.8 0 16-7.2 16-16V176c0-8.8-7.2-16-16-16H144c-8.8 0-16 7.2-16 16zM96 160c0-17.7 14.3-32 32-32H448c17.7 0 32 14.3 32 32V352c0 17.7-14.3 32-32 32H128c-17.7 0-32-14.3-32-32V160z\"><\/path><\/svg><\/span><span class=\"gb-headline-text\"><a href=\"https:\/\/iamtechday.org\/es\/eventos\/iam-tech-day-oporto-portugal-26\/\">Reserva la fecha<\/a><\/span><\/p>\n<\/div>\n<\/div>\n<\/div>\n<\/div>\n<\/div><\/div>\n\n<div class=\"gb-grid-column gb-grid-column-25b7056e gb-query-loop-item post-11997 eventos type-eventos status-publish has-post-thumbnail hentry tempo-atual tipo-evento-presencial visibilidade-destaque\"><div class=\"gb-container gb-container-25b7056e\">\n<div class=\"gb-container gb-container-e19568a0\">\n<div class=\"gb-container gb-container-0c2e6c5d\">\n<figure class=\"gb-block-image gb-block-image-526241e5\"><a href=\"https:\/\/iamtechday.org\/es\/eventos\/iam-tech-day-bogota-26\/\"><img loading=\"lazy\" decoding=\"async\" width=\"1600\" height=\"900\" src=\"https:\/\/iamtechday.org\/wp-content\/uploads\/2026\/05\/colombia-big-opaque.webp\" class=\"gb-image-526241e5\" alt=\"colombia\" srcset=\"https:\/\/iamtechday.org\/wp-content\/uploads\/2026\/05\/colombia-big-opaque.webp 1600w, https:\/\/iamtechday.org\/wp-content\/uploads\/2026\/05\/colombia-big-opaque-300x169.webp 300w, https:\/\/iamtechday.org\/wp-content\/uploads\/2026\/05\/colombia-big-opaque-768x432.webp 768w, https:\/\/iamtechday.org\/wp-content\/uploads\/2026\/05\/colombia-big-opaque-1536x864.webp 1536w\" sizes=\"auto, (max-width: 1600px) 100vw, 1600px\" \/><\/a><\/figure>\n<\/div>\n\n<div class=\"gb-container gb-container-0b701acf\">\n<h3 class=\"gb-headline gb-headline-c925ac6a gb-headline-text\"><a href=\"https:\/\/iamtechday.org\/es\/eventos\/iam-tech-day-bogota-26\/\">IAM TECH DAY Bogot\u00e1 &#8217;26<\/a><\/h3>\n\n<p class=\"gb-headline gb-headline-af80a7f0 gb-headline-text\">\u00a1IAM Tech Day Latinoam\u00e9rica! Contar\u00e1 con contenido de primer nivel sobre IAM, presentado por expertos, profesionales y empresas del mercado.<\/p>\n\n<div class=\"gb-container gb-container-c14070f0\">\n<div class=\"gb-container gb-container-8734d744\">\n<p class=\"gb-headline gb-headline-559d4ec3\"><span class=\"gb-icon\"><svg xmlns=\"http:\/\/www.w3.org\/2000\/svg\" aria-hidden=\"true\" role=\"img\" height=\"1em\" width=\"1em\" viewbox=\"0 0 384 512\"><path fill=\"currentColor\" d=\"M172.268 501.67C26.97 291.031 0 269.413 0 192 0 85.961 85.961 0 192 0s192 85.961 192 192c0 77.413-26.97 99.031-172.268 309.67-9.535 13.774-29.93 13.773-39.464 0zM192 272c44.183 0 80-35.817 80-80s-35.817-80-80-80-80 35.817-80 80 35.817 80 80 80z\"><\/path><\/svg><\/span><span class=\"gb-headline-text\"><span class=\"post-term-item term-evento-presencial\">Evento presencial<\/span><\/span><\/p>\n\n<p class=\"gb-headline gb-headline-73b021b1\"><span class=\"gb-icon\"><svg xmlns=\"http:\/\/www.w3.org\/2000\/svg\" aria-hidden=\"true\" role=\"img\" height=\"1em\" width=\"1em\" viewbox=\"0 0 512 512\"><path fill=\"currentColor\" d=\"M478.21 334.093L336 256l142.21-78.093c11.795-6.477 15.961-21.384 9.232-33.037l-19.48-33.741c-6.728-11.653-21.72-15.499-33.227-8.523L296 186.718l3.475-162.204C299.763 11.061 288.937 0 275.48 0h-38.96c-13.456 0-24.283 11.061-23.994 24.514L216 186.718 77.265 102.607c-11.506-6.976-26.499-3.13-33.227 8.523l-19.48 33.741c-6.728 11.653-2.562 26.56 9.233 33.037L176 256 33.79 334.093c-11.795 6.477-15.961 21.384-9.232 33.037l19.48 33.741c6.728 11.653 21.721 15.499 33.227 8.523L216 325.282l-3.475 162.204C212.237 500.939 223.064 512 236.52 512h38.961c13.456 0 24.283-11.061 23.995-24.514L296 325.282l138.735 84.111c11.506 6.976 26.499 3.13 33.227-8.523l19.48-33.741c6.728-11.653 2.563-26.559-9.232-33.036z\"><\/path><\/svg><\/span><span class=\"gb-headline-text\">Espa\u00f1ol<\/span><\/p>\n\n<p class=\"gb-headline gb-headline-42785ad5\"><span class=\"gb-icon\"><svg xmlns=\"http:\/\/www.w3.org\/2000\/svg\" aria-hidden=\"true\" role=\"img\" height=\"1em\" width=\"1em\" viewbox=\"0 0 448 512\"><path fill=\"currentColor\" d=\"M148 288h-40c-6.6 0-12-5.4-12-12v-40c0-6.6 5.4-12 12-12h40c6.6 0 12 5.4 12 12v40c0 6.6-5.4 12-12 12zm108-12v-40c0-6.6-5.4-12-12-12h-40c-6.6 0-12 5.4-12 12v40c0 6.6 5.4 12 12 12h40c6.6 0 12-5.4 12-12zm96 0v-40c0-6.6-5.4-12-12-12h-40c-6.6 0-12 5.4-12 12v40c0 6.6 5.4 12 12 12h40c6.6 0 12-5.4 12-12zm-96 96v-40c0-6.6-5.4-12-12-12h-40c-6.6 0-12 5.4-12 12v40c0 6.6 5.4 12 12 12h40c6.6 0 12-5.4 12-12zm-96 0v-40c0-6.6-5.4-12-12-12h-40c-6.6 0-12 5.4-12 12v40c0 6.6 5.4 12 12 12h40c6.6 0 12-5.4 12-12zm192 0v-40c0-6.6-5.4-12-12-12h-40c-6.6 0-12 5.4-12 12v40c0 6.6 5.4 12 12 12h40c6.6 0 12-5.4 12-12zm96-260v352c0 26.5-21.5 48-48 48H48c-26.5 0-48-21.5-48-48V112c0-26.5 21.5-48 48-48h48V12c0-6.6 5.4-12 12-12h40c6.6 0 12 5.4 12 12v52h128V12c0-6.6 5.4-12 12-12h40c6.6 0 12 5.4 12 12v52h48c26.5 0 48 21.5 48 48zm-48 346V160H48v298c0 3.3 2.7 6 6 6h340c3.3 0 6-2.7 6-6z\"><\/path><\/svg><\/span><span class=\"gb-headline-text\">Octubre, 2026<\/span><\/p>\n<\/div>\n\n<div class=\"gb-container gb-container-df91fece\">\n<p class=\"gb-headline gb-headline-f98f5dfd\"><span class=\"gb-icon\"><svg xmlns=\"http:\/\/www.w3.org\/2000\/svg\" height=\"16\" width=\"16\" viewbox=\"0 0 512 512\"><path d=\"M211 7.3C205 1 196-1.4 187.6 .8s-14.9 8.9-17.1 17.3L154.7 80.6l-62-17.5c-8.4-2.4-17.4 0-23.5 6.1s-8.5 15.1-6.1 23.5l17.5 62L18.1 170.6c-8.4 2.1-15 8.7-17.3 17.1S1 205 7.3 211l46.2 45L7.3 301C1 307-1.4 316 .8 324.4s8.9 14.9 17.3 17.1l62.5 15.8-17.5 62c-2.4 8.4 0 17.4 6.1 23.5s15.1 8.5 23.5 6.1l62-17.5 15.8 62.5c2.1 8.4 8.7 15 17.1 17.3s17.3-.2 23.4-6.4l45-46.2 45 46.2c6.1 6.2 15 8.7 23.4 6.4s14.9-8.9 17.1-17.3l15.8-62.5 62 17.5c8.4 2.4 17.4 0 23.5-6.1s8.5-15.1 6.1-23.5l-17.5-62 62.5-15.8c8.4-2.1 15-8.7 17.3-17.1s-.2-17.4-6.4-23.4l-46.2-45 46.2-45c6.2-6.1 8.7-15 6.4-23.4s-8.9-14.9-17.3-17.1l-62.5-15.8 17.5-62c2.4-8.4 0-17.4-6.1-23.5s-15.1-8.5-23.5-6.1l-62 17.5L341.4 18.1c-2.1-8.4-8.7-15-17.1-17.3S307 1 301 7.3L256 53.5 211 7.3z\"><\/path><\/svg><\/span><span class=\"gb-headline-text\">Certificado de Participaci\u00f3n<\/span><\/p>\n\n<p class=\"gb-headline gb-headline-cc8e485e\"><span class=\"gb-icon\"><svg xmlns=\"http:\/\/www.w3.org\/2000\/svg\" height=\"16\" width=\"16\" viewbox=\"0 0 512 512\"><path d=\"M256 512A256 256 0 1 0 256 0a256 256 0 1 0 0 512zM216 336h24V272H216c-13.3 0-24-10.7-24-24s10.7-24 24-24h48c13.3 0 24 10.7 24 24v88h8c13.3 0 24 10.7 24 24s-10.7 24-24 24H216c-13.3 0-24-10.7-24-24s10.7-24 24-24zm40-208a32 32 0 1 1 0 64 32 32 0 1 1 0-64z\"><\/path><\/svg><\/span><span class=\"gb-headline-text\"><a href=\"https:\/\/iamtechday.org\/es\/eventos\/iam-tech-day-bogota-26\/\">+ Info<\/a><\/span><\/p>\n\n<p class=\"gb-headline gb-headline-76701282\"><span class=\"gb-icon\"><svg xmlns=\"http:\/\/www.w3.org\/2000\/svg\" viewbox=\"0 0 576 512\" width=\"18\" height=\"16\"><path d=\"M64 64C28.7 64 0 92.7 0 128v64c0 8.8 7.4 15.7 15.7 18.6C34.5 217.1 48 235 48 256s-13.5 38.9-32.3 45.4C7.4 304.3 0 311.2 0 320v64c0 35.3 28.7 64 64 64H512c35.3 0 64-28.7 64-64V320c0-8.8-7.4-15.7-15.7-18.6C541.5 294.9 528 277 528 256s13.5-38.9 32.3-45.4c8.3-2.9 15.7-9.8 15.7-18.6V128c0-35.3-28.7-64-64-64H64zm64 112l0 160c0 8.8 7.2 16 16 16H432c8.8 0 16-7.2 16-16V176c0-8.8-7.2-16-16-16H144c-8.8 0-16 7.2-16 16zM96 160c0-17.7 14.3-32 32-32H448c17.7 0 32 14.3 32 32V352c0 17.7-14.3 32-32 32H128c-17.7 0-32-14.3-32-32V160z\"><\/path><\/svg><\/span><span class=\"gb-headline-text\"><a href=\"https:\/\/iamtechday.org\/es\/eventos\/iam-tech-day-bogota-26\/\">Reserva la fecha<\/a><\/span><\/p>\n<\/div>\n<\/div>\n<\/div>\n<\/div>\n<\/div><\/div>\n\n<div class=\"gb-grid-column gb-grid-column-25b7056e gb-query-loop-item post-11984 eventos type-eventos status-publish has-post-thumbnail hentry tempo-atual tipo-evento-presencial visibilidade-destaque\"><div class=\"gb-container gb-container-25b7056e\">\n<div class=\"gb-container gb-container-e19568a0\">\n<div class=\"gb-container gb-container-0c2e6c5d\">\n<figure class=\"gb-block-image gb-block-image-526241e5\"><a href=\"https:\/\/iamtechday.org\/es\/eventos\/iam-tech-day-sao-paulo-27\/\"><img loading=\"lazy\" decoding=\"async\" width=\"800\" height=\"450\" src=\"https:\/\/iamtechday.org\/wp-content\/uploads\/2024\/03\/iam-lives-logo.webp\" class=\"gb-image-526241e5\" alt=\"IAM Lives Logo\" srcset=\"https:\/\/iamtechday.org\/wp-content\/uploads\/2024\/03\/iam-lives-logo.webp 800w, https:\/\/iamtechday.org\/wp-content\/uploads\/2024\/03\/iam-lives-logo-300x169.webp 300w, https:\/\/iamtechday.org\/wp-content\/uploads\/2024\/03\/iam-lives-logo-768x432.webp 768w\" sizes=\"auto, (max-width: 800px) 100vw, 800px\" \/><\/a><\/figure>\n<\/div>\n\n<div class=\"gb-container gb-container-0b701acf\">\n<h3 class=\"gb-headline gb-headline-c925ac6a gb-headline-text\"><a href=\"https:\/\/iamtechday.org\/es\/eventos\/iam-tech-day-sao-paulo-27\/\">IAM TECH DAY S\u00e3o Paulo &#8217;27<\/a><\/h3>\n\n<p class=\"gb-headline gb-headline-af80a7f0 gb-headline-text\">Prep\u00e1rate para IAM Tech Day S\u00e3o Paulo &#8217;27. Dos d\u00edas que reunir\u00e1n a expertos, l\u00edderes y empresas. \u00a1Participa!<\/p>\n\n<div class=\"gb-container gb-container-c14070f0\">\n<div class=\"gb-container gb-container-8734d744\">\n<p class=\"gb-headline gb-headline-559d4ec3\"><span class=\"gb-icon\"><svg xmlns=\"http:\/\/www.w3.org\/2000\/svg\" aria-hidden=\"true\" role=\"img\" height=\"1em\" width=\"1em\" viewbox=\"0 0 384 512\"><path fill=\"currentColor\" d=\"M172.268 501.67C26.97 291.031 0 269.413 0 192 0 85.961 85.961 0 192 0s192 85.961 192 192c0 77.413-26.97 99.031-172.268 309.67-9.535 13.774-29.93 13.773-39.464 0zM192 272c44.183 0 80-35.817 80-80s-35.817-80-80-80-80 35.817-80 80 35.817 80 80 80z\"><\/path><\/svg><\/span><span class=\"gb-headline-text\"><span class=\"post-term-item term-evento-presencial\">Evento presencial<\/span><\/span><\/p>\n\n<p class=\"gb-headline gb-headline-73b021b1\"><span class=\"gb-icon\"><svg xmlns=\"http:\/\/www.w3.org\/2000\/svg\" aria-hidden=\"true\" role=\"img\" height=\"1em\" width=\"1em\" viewbox=\"0 0 512 512\"><path fill=\"currentColor\" d=\"M478.21 334.093L336 256l142.21-78.093c11.795-6.477 15.961-21.384 9.232-33.037l-19.48-33.741c-6.728-11.653-21.72-15.499-33.227-8.523L296 186.718l3.475-162.204C299.763 11.061 288.937 0 275.48 0h-38.96c-13.456 0-24.283 11.061-23.994 24.514L216 186.718 77.265 102.607c-11.506-6.976-26.499-3.13-33.227 8.523l-19.48 33.741c-6.728 11.653-2.562 26.56 9.233 33.037L176 256 33.79 334.093c-11.795 6.477-15.961 21.384-9.232 33.037l19.48 33.741c6.728 11.653 21.721 15.499 33.227 8.523L216 325.282l-3.475 162.204C212.237 500.939 223.064 512 236.52 512h38.961c13.456 0 24.283-11.061 23.995-24.514L296 325.282l138.735 84.111c11.506 6.976 26.499 3.13 33.227-8.523l19.48-33.741c6.728-11.653 2.563-26.559-9.232-33.036z\"><\/path><\/svg><\/span><span class=\"gb-headline-text\">Portugu\u00e9s e ingl\u00e9s, traduci\u00f3n en algunas sessiones<\/span><\/p>\n\n<p class=\"gb-headline gb-headline-42785ad5\"><span class=\"gb-icon\"><svg xmlns=\"http:\/\/www.w3.org\/2000\/svg\" aria-hidden=\"true\" role=\"img\" height=\"1em\" width=\"1em\" viewbox=\"0 0 448 512\"><path fill=\"currentColor\" d=\"M148 288h-40c-6.6 0-12-5.4-12-12v-40c0-6.6 5.4-12 12-12h40c6.6 0 12 5.4 12 12v40c0 6.6-5.4 12-12 12zm108-12v-40c0-6.6-5.4-12-12-12h-40c-6.6 0-12 5.4-12 12v40c0 6.6 5.4 12 12 12h40c6.6 0 12-5.4 12-12zm96 0v-40c0-6.6-5.4-12-12-12h-40c-6.6 0-12 5.4-12 12v40c0 6.6 5.4 12 12 12h40c6.6 0 12-5.4 12-12zm-96 96v-40c0-6.6-5.4-12-12-12h-40c-6.6 0-12 5.4-12 12v40c0 6.6 5.4 12 12 12h40c6.6 0 12-5.4 12-12zm-96 0v-40c0-6.6-5.4-12-12-12h-40c-6.6 0-12 5.4-12 12v40c0 6.6 5.4 12 12 12h40c6.6 0 12-5.4 12-12zm192 0v-40c0-6.6-5.4-12-12-12h-40c-6.6 0-12 5.4-12 12v40c0 6.6 5.4 12 12 12h40c6.6 0 12-5.4 12-12zm96-260v352c0 26.5-21.5 48-48 48H48c-26.5 0-48-21.5-48-48V112c0-26.5 21.5-48 48-48h48V12c0-6.6 5.4-12 12-12h40c6.6 0 12 5.4 12 12v52h128V12c0-6.6 5.4-12 12-12h40c6.6 0 12 5.4 12 12v52h48c26.5 0 48 21.5 48 48zm-48 346V160H48v298c0 3.3 2.7 6 6 6h340c3.3 0 6-2.7 6-6z\"><\/path><\/svg><\/span><span class=\"gb-headline-text\">Mayo, 2027<\/span><\/p>\n<\/div>\n\n<div class=\"gb-container gb-container-df91fece\">\n<p class=\"gb-headline gb-headline-f98f5dfd\"><span class=\"gb-icon\"><svg xmlns=\"http:\/\/www.w3.org\/2000\/svg\" height=\"16\" width=\"16\" viewbox=\"0 0 512 512\"><path d=\"M211 7.3C205 1 196-1.4 187.6 .8s-14.9 8.9-17.1 17.3L154.7 80.6l-62-17.5c-8.4-2.4-17.4 0-23.5 6.1s-8.5 15.1-6.1 23.5l17.5 62L18.1 170.6c-8.4 2.1-15 8.7-17.3 17.1S1 205 7.3 211l46.2 45L7.3 301C1 307-1.4 316 .8 324.4s8.9 14.9 17.3 17.1l62.5 15.8-17.5 62c-2.4 8.4 0 17.4 6.1 23.5s15.1 8.5 23.5 6.1l62-17.5 15.8 62.5c2.1 8.4 8.7 15 17.1 17.3s17.3-.2 23.4-6.4l45-46.2 45 46.2c6.1 6.2 15 8.7 23.4 6.4s14.9-8.9 17.1-17.3l15.8-62.5 62 17.5c8.4 2.4 17.4 0 23.5-6.1s8.5-15.1 6.1-23.5l-17.5-62 62.5-15.8c8.4-2.1 15-8.7 17.3-17.1s-.2-17.4-6.4-23.4l-46.2-45 46.2-45c6.2-6.1 8.7-15 6.4-23.4s-8.9-14.9-17.3-17.1l-62.5-15.8 17.5-62c2.4-8.4 0-17.4-6.1-23.5s-15.1-8.5-23.5-6.1l-62 17.5L341.4 18.1c-2.1-8.4-8.7-15-17.1-17.3S307 1 301 7.3L256 53.5 211 7.3z\"><\/path><\/svg><\/span><span class=\"gb-headline-text\">Certificado de Participaci\u00f3n<\/span><\/p>\n\n<p class=\"gb-headline gb-headline-cc8e485e\"><span class=\"gb-icon\"><svg xmlns=\"http:\/\/www.w3.org\/2000\/svg\" height=\"16\" width=\"16\" viewbox=\"0 0 512 512\"><path d=\"M256 512A256 256 0 1 0 256 0a256 256 0 1 0 0 512zM216 336h24V272H216c-13.3 0-24-10.7-24-24s10.7-24 24-24h48c13.3 0 24 10.7 24 24v88h8c13.3 0 24 10.7 24 24s-10.7 24-24 24H216c-13.3 0-24-10.7-24-24s10.7-24 24-24zm40-208a32 32 0 1 1 0 64 32 32 0 1 1 0-64z\"><\/path><\/svg><\/span><span class=\"gb-headline-text\"><a href=\"https:\/\/iamtechday.org\/es\/eventos\/iam-tech-day-sao-paulo-27\/\">+ Info<\/a><\/span><\/p>\n\n<p class=\"gb-headline gb-headline-76701282\"><span class=\"gb-icon\"><svg xmlns=\"http:\/\/www.w3.org\/2000\/svg\" viewbox=\"0 0 576 512\" width=\"18\" height=\"16\"><path d=\"M64 64C28.7 64 0 92.7 0 128v64c0 8.8 7.4 15.7 15.7 18.6C34.5 217.1 48 235 48 256s-13.5 38.9-32.3 45.4C7.4 304.3 0 311.2 0 320v64c0 35.3 28.7 64 64 64H512c35.3 0 64-28.7 64-64V320c0-8.8-7.4-15.7-15.7-18.6C541.5 294.9 528 277 528 256s13.5-38.9 32.3-45.4c8.3-2.9 15.7-9.8 15.7-18.6V128c0-35.3-28.7-64-64-64H64zm64 112l0 160c0 8.8 7.2 16 16 16H432c8.8 0 16-7.2 16-16V176c0-8.8-7.2-16-16-16H144c-8.8 0-16 7.2-16 16zM96 160c0-17.7 14.3-32 32-32H448c17.7 0 32 14.3 32 32V352c0 17.7-14.3 32-32 32H128c-17.7 0-32-14.3-32-32V160z\"><\/path><\/svg><\/span><span class=\"gb-headline-text\"><a href=\"https:\/\/iamtechday.org\/es\/eventos\/iam-tech-day-sao-paulo-27\/\">Reserva la fecha<\/a><\/span><\/p>\n<\/div>\n<\/div>\n<\/div>\n<\/div>\n<\/div><\/div>\n<\/div>\n\n<div class=\"gb-container gb-container-76c854b8 gb-query-loop-pagination\">\n<span class=\"gb-button gb-button-a40dd16e gb-button-text\">&lt;&lt; Anterior<\/span>\n\n\n\n<span class=\"gb-button gb-button-e7ef8ee6 gb-button-text\">Pr\u00f3ximo &gt;&gt;<\/span>\n<\/div>\n\n<\/div><div class=\"gb-container gb-container-0b1561e8\" id=\"eventos-anteriores\">\n\n<a class=\"gb-button gb-button-3e89419d\" href=\"https:\/\/iamtechday.org\/eventos-anteriores\/\" id=\"todo-artigo\"><span class=\"gb-button-text\">EVENTOS ANTERIORES<\/span><span class=\"gb-icon\"><svg xmlns=\"http:\/\/www.w3.org\/2000\/svg\" aria-hidden=\"true\" role=\"img\" height=\"1em\" width=\"1em\" viewbox=\"0 0 256 512\"><path fill=\"currentColor\" d=\"M224.3 273l-136 136c-9.4 9.4-24.6 9.4-33.9 0l-22.6-22.6c-9.4-9.4-9.4-24.6 0-33.9l96.4-96.4-96.4-96.4c-9.4-9.4-9.4-24.6 0-33.9L54.3 103c9.4-9.4 24.6-9.4 33.9 0l136 136c9.5 9.4 9.5 24.6.1 34z\"><\/path><\/svg><\/span><\/a>\n\n<\/div><div class=\"gb-container gb-container-3d5d5356\" id=\"newsletter-cta\">\n<div class=\"gb-container gb-container-ed07c45b\">\n\n<h2 class=\"gb-headline gb-headline-8147db57 gb-headline-text\">Mantente informado<\/h2>\n\n\n\n<p class=\"gb-headline gb-headline-9d3feac6 gb-headline-text\">Suscr\u00edbe gratuitamente a nuestro newsletter. <br>Reciba invitaciones a eventos en l\u00ednea y <\/p>\n\n\n\n<p class=\"gb-headline gb-headline-a5b34b1a gb-headline-text\">descuentos para eventos presenciales<\/p>\n\n<\/div>\n\n<div class=\"gb-container gb-container-0a224e83\">\n<div class=\"gb-container gb-container-0df61585\" id=\"links\">\n\n<a class=\"gb-button gb-button-0c327f06\" href=\"https:\/\/iamtechday.org\/newsletter\/\"><span class=\"gb-icon\"><svg xmlns=\"http:\/\/www.w3.org\/2000\/svg\" aria-hidden=\"true\" role=\"img\" height=\"1em\" width=\"1em\" viewbox=\"0 0 512 512\"><path fill=\"currentColor\" d=\"M464 64H48C21.49 64 0 85.49 0 112v288c0 26.51 21.49 48 48 48h416c26.51 0 48-21.49 48-48V112c0-26.51-21.49-48-48-48zm0 48v40.805c-22.422 18.259-58.168 46.651-134.587 106.49-16.841 13.247-50.201 45.072-73.413 44.701-23.208.375-56.579-31.459-73.413-44.701C106.18 199.465 70.425 171.067 48 152.805V112h416zM48 400V214.398c22.914 18.251 55.409 43.862 104.938 82.646 21.857 17.205 60.134 55.186 103.062 54.955 42.717.231 80.509-37.199 103.053-54.947 49.528-38.783 82.032-64.401 104.947-82.653V400H48z\"><\/path><\/svg><\/span><span class=\"gb-button-text\">Suscr\u00edbete al Newsletter<\/span><\/a>\n\n<\/div>\n<\/div>\n<\/div>","protected":false},"excerpt":{"rendered":"<p>Pr\u00f3ximos EVENTOS Mantente informado Suscr\u00edbe gratuitamente a nuestro newsletter. Reciba invitaciones a eventos en l\u00ednea y descuentos para eventos presenciales<\/p>\n","protected":false},"author":19,"featured_media":0,"parent":0,"menu_order":0,"comment_status":"closed","ping_status":"closed","template":"","meta":{"_acf_changed":false,"footnotes":""},"class_list":["post-10306","page","type-page","status-publish"],"acf":[],"_links":{"self":[{"href":"https:\/\/iamtechday.org\/es\/wp-json\/wp\/v2\/pages\/10306","targetHints":{"allow":["GET"]}}],"collection":[{"href":"https:\/\/iamtechday.org\/es\/wp-json\/wp\/v2\/pages"}],"about":[{"href":"https:\/\/iamtechday.org\/es\/wp-json\/wp\/v2\/types\/page"}],"author":[{"embeddable":true,"href":"https:\/\/iamtechday.org\/es\/wp-json\/wp\/v2\/users\/19"}],"replies":[{"embeddable":true,"href":"https:\/\/iamtechday.org\/es\/wp-json\/wp\/v2\/comments?post=10306"}],"version-history":[{"count":5,"href":"https:\/\/iamtechday.org\/es\/wp-json\/wp\/v2\/pages\/10306\/revisions"}],"predecessor-version":[{"id":12016,"href":"https:\/\/iamtechday.org\/es\/wp-json\/wp\/v2\/pages\/10306\/revisions\/12016"}],"wp:attachment":[{"href":"https:\/\/iamtechday.org\/es\/wp-json\/wp\/v2\/media?parent=10306"}],"curies":[{"name":"wp","href":"https:\/\/api.w.org\/{rel}","templated":true}]}}